{"id":63,"date":"2024-01-09T13:21:50","date_gmt":"2024-01-09T13:21:50","guid":{"rendered":"https:\/\/sinticaba.pt\/?page_id=63"},"modified":"2024-01-09T13:23:30","modified_gmt":"2024-01-09T13:23:30","slug":"orgaos","status":"publish","type":"page","link":"https:\/\/sinticaba.pt\/index.php\/orgaos\/","title":{"rendered":"Org\u00e3os"},"content":{"rendered":"\n<p>&#8230;<\/p>\n","protected":false},"excerpt":{"rendered":"<p>&#8230;<\/p>\n","protected":false},"author":1,"featured_media":0,"parent":0,"menu_order":0,"comment_status":"closed","ping_status":"closed","template":"","meta":{"_themeisle_gutenberg_block_has_review":false,"footnotes":""},"tags":[],"yoast_head":"<!-- This site is optimized with the Yoast SEO plugin v21.1 - https:\/\/yoast.com\/wordpress\/plugins\/seo\/ -->\n<title>Org\u00e3os -<\/title>\n<meta name=\"robots\" content=\"index, follow, max-snippet:-1, max-image-preview:large, max-video-preview:-1\" \/>\n<link rel=\"canonical\" href=\"https:\/\/sinticaba.pt\/index.php\/orgaos\/\" \/>\n<meta property=\"og:locale\" content=\"pt_PT\" \/>\n<meta property=\"og:type\" content=\"article\" \/>\n<meta property=\"og:title\" content=\"Org\u00e3os -\" \/>\n<meta property=\"og:description\" content=\"&#8230;\" \/>\n<meta property=\"og:url\" content=\"https:\/\/sinticaba.pt\/index.php\/orgaos\/\" \/>\n<meta property=\"article:modified_time\" content=\"2024-01-09T13:23:30+00:00\" \/>\n<meta name=\"twitter:card\" content=\"summary_large_image\" \/>\n<script type=\"application\/ld+json\" class=\"yoast-schema-graph\">{\"@context\":\"https:\/\/schema.org\",\"@graph\":[{\"@type\":\"WebPage\",\"@id\":\"https:\/\/sinticaba.pt\/index.php\/orgaos\/\",\"url\":\"https:\/\/sinticaba.pt\/index.php\/orgaos\/\",\"name\":\"Org\u00e3os -\",\"isPartOf\":{\"@id\":\"https:\/\/sinticaba.pt\/#website\"},\"datePublished\":\"2024-01-09T13:21:50+00:00\",\"dateModified\":\"2024-01-09T13:23:30+00:00\",\"breadcrumb\":{\"@id\":\"https:\/\/sinticaba.pt\/index.php\/orgaos\/#breadcrumb\"},\"inLanguage\":\"pt-PT\",\"potentialAction\":[{\"@type\":\"ReadAction\",\"target\":[\"https:\/\/sinticaba.pt\/index.php\/orgaos\/\"]}]},{\"@type\":\"BreadcrumbList\",\"@id\":\"https:\/\/sinticaba.pt\/index.php\/orgaos\/#breadcrumb\",\"itemListElement\":[{\"@type\":\"ListItem\",\"position\":1,\"name\":\"In\u00edcio\",\"item\":\"https:\/\/sinticaba.pt\/\"},{\"@type\":\"ListItem\",\"position\":2,\"name\":\"Org\u00e3os\"}]},{\"@type\":\"WebSite\",\"@id\":\"https:\/\/sinticaba.pt\/#website\",\"url\":\"https:\/\/sinticaba.pt\/\",\"name\":\"\",\"description\":\"Sindicato Nacional dos Trabalhadores da Ind\u00fastria e Com\u00e9rcio de Alimenta\u00e7\u00e3o, Bebidas e Afins\",\"potentialAction\":[{\"@type\":\"SearchAction\",\"target\":{\"@type\":\"EntryPoint\",\"urlTemplate\":\"https:\/\/sinticaba.pt\/?s={search_term_string}\"},\"query-input\":\"required name=search_term_string\"}],\"inLanguage\":\"pt-PT\"}]}<\/script>\n<!-- \/ Yoast SEO plugin. -->","yoast_head_json":{"title":"Org\u00e3os -","robots":{"index":"index","follow":"follow","max-snippet":"max-snippet:-1","max-image-preview":"max-image-preview:large","max-video-preview":"max-video-preview:-1"},"canonical":"https:\/\/sinticaba.pt\/index.php\/orgaos\/","og_locale":"pt_PT","og_type":"article","og_title":"Org\u00e3os -","og_description":"&#8230;","og_url":"https:\/\/sinticaba.pt\/index.php\/orgaos\/","article_modified_time":"2024-01-09T13:23:30+00:00","twitter_card":"summary_large_image","schema":{"@context":"https:\/\/schema.org","@graph":[{"@type":"WebPage","@id":"https:\/\/sinticaba.pt\/index.php\/orgaos\/","url":"https:\/\/sinticaba.pt\/index.php\/orgaos\/","name":"Org\u00e3os -","isPartOf":{"@id":"https:\/\/sinticaba.pt\/#website"},"datePublished":"2024-01-09T13:21:50+00:00","dateModified":"2024-01-09T13:23:30+00:00","breadcrumb":{"@id":"https:\/\/sinticaba.pt\/index.php\/orgaos\/#breadcrumb"},"inLanguage":"pt-PT","potentialAction":[{"@type":"ReadAction","target":["https:\/\/sinticaba.pt\/index.php\/orgaos\/"]}]},{"@type":"BreadcrumbList","@id":"https:\/\/sinticaba.pt\/index.php\/orgaos\/#breadcrumb","itemListElement":[{"@type":"ListItem","position":1,"name":"In\u00edcio","item":"https:\/\/sinticaba.pt\/"},{"@type":"ListItem","position":2,"name":"Org\u00e3os"}]},{"@type":"WebSite","@id":"https:\/\/sinticaba.pt\/#website","url":"https:\/\/sinticaba.pt\/","name":"","description":"Sindicato Nacional dos Trabalhadores da Ind\u00fastria e Com\u00e9rcio de Alimenta\u00e7\u00e3o, Bebidas e Afins","potentialAction":[{"@type":"SearchAction","target":{"@type":"EntryPoint","urlTemplate":"https:\/\/sinticaba.pt\/?s={search_term_string}"},"query-input":"required name=search_term_string"}],"inLanguage":"pt-PT"}]}},"_links":{"self":[{"href":"https:\/\/sinticaba.pt\/index.php\/wp-json\/wp\/v2\/pages\/63"}],"collection":[{"href":"https:\/\/sinticaba.pt\/index.php\/wp-json\/wp\/v2\/pages"}],"about":[{"href":"https:\/\/sinticaba.pt\/index.php\/wp-json\/wp\/v2\/types\/page"}],"author":[{"embeddable":true,"href":"https:\/\/sinticaba.pt\/index.php\/wp-json\/wp\/v2\/users\/1"}],"replies":[{"embeddable":true,"href":"https:\/\/sinticaba.pt\/index.php\/wp-json\/wp\/v2\/comments?post=63"}],"version-history":[{"count":2,"href":"https:\/\/sinticaba.pt\/index.php\/wp-json\/wp\/v2\/pages\/63\/revisions"}],"predecessor-version":[{"id":72,"href":"https:\/\/sinticaba.pt\/index.php\/wp-json\/wp\/v2\/pages\/63\/revisions\/72"}],"wp:attachment":[{"href":"https:\/\/sinticaba.pt\/index.php\/wp-json\/wp\/v2\/media?parent=63"}],"wp:term":[{"taxonomy":"post_tag","embeddable":true,"href":"https:\/\/sinticaba.pt\/index.php\/wp-json\/wp\/v2\/tags?post=63"}],"curies":[{"name":"wp","href":"https:\/\/api.w.org\/{rel}","templated":true}]}}