{"id":2,"date":"2023-09-18T11:55:33","date_gmt":"2023-09-18T11:55:33","guid":{"rendered":"https:\/\/sinticaba.pt\/?page_id=2"},"modified":"2024-01-09T12:36:42","modified_gmt":"2024-01-09T12:36:42","slug":"sample-page","status":"publish","type":"page","link":"https:\/\/sinticaba.pt\/index.php\/sample-page\/","title":{"rendered":"Quem Somos"},"content":{"rendered":"\n<p>O Sindicato Nacional dos Trabalhadores da Ind\u00fastria e Com\u00e9rcio de Alimenta\u00e7\u00e3o, Bebidas e Afins, \u00e9 uma associa\u00e7\u00e3o sindical constitu\u00edda pelos trabalhadores nela afiliados que exer\u00e7am a sua atividade nos sectores que representa : vinhos, cervejas, \u00e1guas, refrigerantes, adegas e tanoaria, em todo o territ\u00f3rio Nacional (Estatutos,2003) .<br><br>O sindicato \u00e9 financiado pelas quotas dos trabalhadores sindicalizados (a quota \u00e9 de 1% sobre o sal\u00e1rio base).<\/p>\n\n\n\n<p>As suas principais atividades s\u00e3o: apoio jur\u00eddico aos s\u00f3cios, forma\u00e7\u00e3o profiddional, fiscalizar e reclamar a aplica\u00e7\u00e3o das leis de trabalho e das conven\u00e7\u00f5es coletivas de trabalho, negocia\u00e7\u00e3o da contrata\u00e7\u00e3o coletiva dos diversos setores de atividade que representa, prestar assist\u00eancia jur\u00eddica e judici\u00e1ria aos associados nos conflitos resultantes de rela\u00e7\u00f5es de trabalho e intervir nos processos disciplinares instaurados aos associados (Estatutos,2003).<\/p>\n\n\n\n<p>Todas as aticidades s\u00e3o exercidas com total independ\u00eancia relativamente ao patronato, poder pol\u00edtico, partidos pol\u00edticos, igrejas ou quaisquer outros agrupamentos de car\u00e1cter pol\u00edtico ou confessional (Estatutos,2003) .<\/p>\n","protected":false},"excerpt":{"rendered":"<p>O Sindicato Nacional dos Trabalhadores da Ind\u00fastria e Com\u00e9rcio de Alimenta\u00e7\u00e3o, Bebidas e Afins, \u00e9 uma associa\u00e7\u00e3o sindical constitu\u00edda pelos trabalhadores nela afiliados que exer\u00e7am a sua atividade nos sectores que representa : vinhos, cervejas, \u00e1guas, refrigerantes, adegas e tanoaria, em todo o territ\u00f3rio Nacional (Estatutos,2003) . O sindicato \u00e9 financiado pelas quotas dos trabalhadores &hellip; <a href=\"https:\/\/sinticaba.pt\/index.php\/sample-page\/\" class=\"more-link\">Continue reading <span class=\"screen-reader-text\">Quem Somos<\/span><\/a><\/p>\n","protected":false},"author":1,"featured_media":0,"parent":0,"menu_order":0,"comment_status":"closed","ping_status":"open","template":"","meta":{"_themeisle_gutenberg_block_has_review":false,"footnotes":""},"tags":[],"yoast_head":"<!-- This site is optimized with the Yoast SEO plugin v21.1 - https:\/\/yoast.com\/wordpress\/plugins\/seo\/ -->\n<title>Quem Somos -<\/title>\n<meta name=\"robots\" content=\"index, follow, max-snippet:-1, max-image-preview:large, max-video-preview:-1\" \/>\n<link rel=\"canonical\" href=\"https:\/\/sinticaba.pt\/index.php\/sample-page\/\" \/>\n<meta property=\"og:locale\" content=\"pt_PT\" \/>\n<meta property=\"og:type\" content=\"article\" \/>\n<meta property=\"og:title\" content=\"Quem Somos -\" \/>\n<meta property=\"og:description\" content=\"O Sindicato Nacional dos Trabalhadores da Ind\u00fastria e Com\u00e9rcio de Alimenta\u00e7\u00e3o, Bebidas e Afins, \u00e9 uma associa\u00e7\u00e3o sindical constitu\u00edda pelos trabalhadores nela afiliados que exer\u00e7am a sua atividade nos sectores que representa : vinhos, cervejas, \u00e1guas, refrigerantes, adegas e tanoaria, em todo o territ\u00f3rio Nacional (Estatutos,2003) . O sindicato \u00e9 financiado pelas quotas dos trabalhadores &hellip; Continue reading Quem Somos\" \/>\n<meta property=\"og:url\" content=\"https:\/\/sinticaba.pt\/index.php\/sample-page\/\" \/>\n<meta property=\"article:modified_time\" content=\"2024-01-09T12:36:42+00:00\" \/>\n<meta name=\"twitter:card\" content=\"summary_large_image\" \/>\n<meta name=\"twitter:label1\" content=\"Tempo estimado de leitura\" \/>\n\t<meta name=\"twitter:data1\" content=\"1 minuto\" \/>\n<script type=\"application\/ld+json\" class=\"yoast-schema-graph\">{\"@context\":\"https:\/\/schema.org\",\"@graph\":[{\"@type\":\"WebPage\",\"@id\":\"https:\/\/sinticaba.pt\/index.php\/sample-page\/\",\"url\":\"https:\/\/sinticaba.pt\/index.php\/sample-page\/\",\"name\":\"Quem Somos -\",\"isPartOf\":{\"@id\":\"https:\/\/sinticaba.pt\/#website\"},\"datePublished\":\"2023-09-18T11:55:33+00:00\",\"dateModified\":\"2024-01-09T12:36:42+00:00\",\"breadcrumb\":{\"@id\":\"https:\/\/sinticaba.pt\/index.php\/sample-page\/#breadcrumb\"},\"inLanguage\":\"pt-PT\",\"potentialAction\":[{\"@type\":\"ReadAction\",\"target\":[\"https:\/\/sinticaba.pt\/index.php\/sample-page\/\"]}]},{\"@type\":\"BreadcrumbList\",\"@id\":\"https:\/\/sinticaba.pt\/index.php\/sample-page\/#breadcrumb\",\"itemListElement\":[{\"@type\":\"ListItem\",\"position\":1,\"name\":\"In\u00edcio\",\"item\":\"https:\/\/sinticaba.pt\/\"},{\"@type\":\"ListItem\",\"position\":2,\"name\":\"Quem Somos\"}]},{\"@type\":\"WebSite\",\"@id\":\"https:\/\/sinticaba.pt\/#website\",\"url\":\"https:\/\/sinticaba.pt\/\",\"name\":\"\",\"description\":\"Sindicato Nacional dos Trabalhadores da Ind\u00fastria e Com\u00e9rcio de Alimenta\u00e7\u00e3o, Bebidas e Afins\",\"potentialAction\":[{\"@type\":\"SearchAction\",\"target\":{\"@type\":\"EntryPoint\",\"urlTemplate\":\"https:\/\/sinticaba.pt\/?s={search_term_string}\"},\"query-input\":\"required name=search_term_string\"}],\"inLanguage\":\"pt-PT\"}]}<\/script>\n<!-- \/ Yoast SEO plugin. -->","yoast_head_json":{"title":"Quem Somos -","robots":{"index":"index","follow":"follow","max-snippet":"max-snippet:-1","max-image-preview":"max-image-preview:large","max-video-preview":"max-video-preview:-1"},"canonical":"https:\/\/sinticaba.pt\/index.php\/sample-page\/","og_locale":"pt_PT","og_type":"article","og_title":"Quem Somos -","og_description":"O Sindicato Nacional dos Trabalhadores da Ind\u00fastria e Com\u00e9rcio de Alimenta\u00e7\u00e3o, Bebidas e Afins, \u00e9 uma associa\u00e7\u00e3o sindical constitu\u00edda pelos trabalhadores nela afiliados que exer\u00e7am a sua atividade nos sectores que representa : vinhos, cervejas, \u00e1guas, refrigerantes, adegas e tanoaria, em todo o territ\u00f3rio Nacional (Estatutos,2003) . O sindicato \u00e9 financiado pelas quotas dos trabalhadores &hellip; Continue reading Quem Somos","og_url":"https:\/\/sinticaba.pt\/index.php\/sample-page\/","article_modified_time":"2024-01-09T12:36:42+00:00","twitter_card":"summary_large_image","twitter_misc":{"Tempo estimado de leitura":"1 minuto"},"schema":{"@context":"https:\/\/schema.org","@graph":[{"@type":"WebPage","@id":"https:\/\/sinticaba.pt\/index.php\/sample-page\/","url":"https:\/\/sinticaba.pt\/index.php\/sample-page\/","name":"Quem Somos -","isPartOf":{"@id":"https:\/\/sinticaba.pt\/#website"},"datePublished":"2023-09-18T11:55:33+00:00","dateModified":"2024-01-09T12:36:42+00:00","breadcrumb":{"@id":"https:\/\/sinticaba.pt\/index.php\/sample-page\/#breadcrumb"},"inLanguage":"pt-PT","potentialAction":[{"@type":"ReadAction","target":["https:\/\/sinticaba.pt\/index.php\/sample-page\/"]}]},{"@type":"BreadcrumbList","@id":"https:\/\/sinticaba.pt\/index.php\/sample-page\/#breadcrumb","itemListElement":[{"@type":"ListItem","position":1,"name":"In\u00edcio","item":"https:\/\/sinticaba.pt\/"},{"@type":"ListItem","position":2,"name":"Quem Somos"}]},{"@type":"WebSite","@id":"https:\/\/sinticaba.pt\/#website","url":"https:\/\/sinticaba.pt\/","name":"","description":"Sindicato Nacional dos Trabalhadores da Ind\u00fastria e Com\u00e9rcio de Alimenta\u00e7\u00e3o, Bebidas e Afins","potentialAction":[{"@type":"SearchAction","target":{"@type":"EntryPoint","urlTemplate":"https:\/\/sinticaba.pt\/?s={search_term_string}"},"query-input":"required name=search_term_string"}],"inLanguage":"pt-PT"}]}},"_links":{"self":[{"href":"https:\/\/sinticaba.pt\/index.php\/wp-json\/wp\/v2\/pages\/2"}],"collection":[{"href":"https:\/\/sinticaba.pt\/index.php\/wp-json\/wp\/v2\/pages"}],"about":[{"href":"https:\/\/sinticaba.pt\/index.php\/wp-json\/wp\/v2\/types\/page"}],"author":[{"embeddable":true,"href":"https:\/\/sinticaba.pt\/index.php\/wp-json\/wp\/v2\/users\/1"}],"replies":[{"embeddable":true,"href":"https:\/\/sinticaba.pt\/index.php\/wp-json\/wp\/v2\/comments?post=2"}],"version-history":[{"count":2,"href":"https:\/\/sinticaba.pt\/index.php\/wp-json\/wp\/v2\/pages\/2\/revisions"}],"predecessor-version":[{"id":29,"href":"https:\/\/sinticaba.pt\/index.php\/wp-json\/wp\/v2\/pages\/2\/revisions\/29"}],"wp:attachment":[{"href":"https:\/\/sinticaba.pt\/index.php\/wp-json\/wp\/v2\/media?parent=2"}],"wp:term":[{"taxonomy":"post_tag","embeddable":true,"href":"https:\/\/sinticaba.pt\/index.php\/wp-json\/wp\/v2\/tags?post=2"}],"curies":[{"name":"wp","href":"https:\/\/api.w.org\/{rel}","templated":true}]}}