{"id":16,"date":"2024-01-09T12:04:42","date_gmt":"2024-01-09T12:04:42","guid":{"rendered":"https:\/\/sinticaba.pt\/?page_id=16"},"modified":"2024-01-09T12:06:16","modified_gmt":"2024-01-09T12:06:16","slug":"contactos","status":"publish","type":"page","link":"https:\/\/sinticaba.pt\/index.php\/contactos\/","title":{"rendered":"Contactos"},"content":{"rendered":"\n<p><strong>Morada: <\/strong>Rua de Cam\u00f5es 21, 4000-145 Porto<br><strong>E-mail:<\/strong> sinticaba@sapo.pt<br><strong>Telefone: <\/strong>222081215<br><strong>Hor\u00e1rio : 09h \u2013 18h<\/strong><\/p>\n\n\n\n<p><a href=\"https:\/\/www.google.com\/maps\/place\/SINTICABA\/@41.1521431,-8.6127808,17z\/data=!4m14!1m7!3m6!1s0xd2464fb83e90ddf:0xdeda0167d676b5be!2sSINTICABA!8m2!3d41.1521391!4d-8.6102059!16s%2Fg%2F1vnrm91v!3m5!1s0xd2464fb83e90ddf:0xdeda0167d676b5be!8m2!3d41.1521391!4d-8.6102059!16s%2Fg%2F1vnrm91v?entry=ttu\" target=\"_blank\" rel=\"noreferrer noopener\">Clique aqui para ver a localiza\u00e7\u00e3o<\/a><br><\/p>\n","protected":false},"excerpt":{"rendered":"<p>Morada: Rua de Cam\u00f5es 21, 4000-145 PortoE-mail: sinticaba@sapo.ptTelefone: 222081215Hor\u00e1rio : 09h \u2013 18h Clique aqui para ver a localiza\u00e7\u00e3o<\/p>\n","protected":false},"author":1,"featured_media":0,"parent":0,"menu_order":0,"comment_status":"closed","ping_status":"closed","template":"","meta":{"_themeisle_gutenberg_block_has_review":false,"footnotes":""},"tags":[],"yoast_head":"<!-- This site is optimized with the Yoast SEO plugin v21.1 - https:\/\/yoast.com\/wordpress\/plugins\/seo\/ -->\n<title>Contactos -<\/title>\n<meta name=\"description\" content=\"Morada: Rua de Cam\u00f5es 21, 4000-145 Porto, E-mail: sinticaba@sapo.pt, Telefone: 222081215\" \/>\n<meta name=\"robots\" content=\"index, follow, max-snippet:-1, max-image-preview:large, max-video-preview:-1\" \/>\n<link rel=\"canonical\" href=\"https:\/\/sinticaba.pt\/index.php\/contactos\/\" \/>\n<meta property=\"og:locale\" content=\"pt_PT\" \/>\n<meta property=\"og:type\" content=\"article\" \/>\n<meta property=\"og:title\" content=\"Contactos -\" \/>\n<meta property=\"og:description\" content=\"Morada: Rua de Cam\u00f5es 21, 4000-145 Porto, E-mail: sinticaba@sapo.pt, Telefone: 222081215\" \/>\n<meta property=\"og:url\" content=\"https:\/\/sinticaba.pt\/index.php\/contactos\/\" \/>\n<meta property=\"article:modified_time\" content=\"2024-01-09T12:06:16+00:00\" \/>\n<meta name=\"twitter:card\" content=\"summary_large_image\" \/>\n<meta name=\"twitter:label1\" content=\"Tempo estimado de leitura\" \/>\n\t<meta name=\"twitter:data1\" content=\"1 minuto\" \/>\n<script type=\"application\/ld+json\" class=\"yoast-schema-graph\">{\"@context\":\"https:\/\/schema.org\",\"@graph\":[{\"@type\":\"WebPage\",\"@id\":\"https:\/\/sinticaba.pt\/index.php\/contactos\/\",\"url\":\"https:\/\/sinticaba.pt\/index.php\/contactos\/\",\"name\":\"Contactos -\",\"isPartOf\":{\"@id\":\"https:\/\/sinticaba.pt\/#website\"},\"datePublished\":\"2024-01-09T12:04:42+00:00\",\"dateModified\":\"2024-01-09T12:06:16+00:00\",\"description\":\"Morada: Rua de Cam\u00f5es 21, 4000-145 Porto, E-mail: sinticaba@sapo.pt, Telefone: 222081215\",\"breadcrumb\":{\"@id\":\"https:\/\/sinticaba.pt\/index.php\/contactos\/#breadcrumb\"},\"inLanguage\":\"pt-PT\",\"potentialAction\":[{\"@type\":\"ReadAction\",\"target\":[\"https:\/\/sinticaba.pt\/index.php\/contactos\/\"]}]},{\"@type\":\"BreadcrumbList\",\"@id\":\"https:\/\/sinticaba.pt\/index.php\/contactos\/#breadcrumb\",\"itemListElement\":[{\"@type\":\"ListItem\",\"position\":1,\"name\":\"In\u00edcio\",\"item\":\"https:\/\/sinticaba.pt\/\"},{\"@type\":\"ListItem\",\"position\":2,\"name\":\"Contactos\"}]},{\"@type\":\"WebSite\",\"@id\":\"https:\/\/sinticaba.pt\/#website\",\"url\":\"https:\/\/sinticaba.pt\/\",\"name\":\"\",\"description\":\"Sindicato Nacional dos Trabalhadores da Ind\u00fastria e Com\u00e9rcio de Alimenta\u00e7\u00e3o, Bebidas e Afins\",\"potentialAction\":[{\"@type\":\"SearchAction\",\"target\":{\"@type\":\"EntryPoint\",\"urlTemplate\":\"https:\/\/sinticaba.pt\/?s={search_term_string}\"},\"query-input\":\"required name=search_term_string\"}],\"inLanguage\":\"pt-PT\"}]}<\/script>\n<!-- \/ Yoast SEO plugin. -->","yoast_head_json":{"title":"Contactos -","description":"Morada: Rua de Cam\u00f5es 21, 4000-145 Porto, E-mail: sinticaba@sapo.pt, Telefone: 222081215","robots":{"index":"index","follow":"follow","max-snippet":"max-snippet:-1","max-image-preview":"max-image-preview:large","max-video-preview":"max-video-preview:-1"},"canonical":"https:\/\/sinticaba.pt\/index.php\/contactos\/","og_locale":"pt_PT","og_type":"article","og_title":"Contactos -","og_description":"Morada: Rua de Cam\u00f5es 21, 4000-145 Porto, E-mail: sinticaba@sapo.pt, Telefone: 222081215","og_url":"https:\/\/sinticaba.pt\/index.php\/contactos\/","article_modified_time":"2024-01-09T12:06:16+00:00","twitter_card":"summary_large_image","twitter_misc":{"Tempo estimado de leitura":"1 minuto"},"schema":{"@context":"https:\/\/schema.org","@graph":[{"@type":"WebPage","@id":"https:\/\/sinticaba.pt\/index.php\/contactos\/","url":"https:\/\/sinticaba.pt\/index.php\/contactos\/","name":"Contactos -","isPartOf":{"@id":"https:\/\/sinticaba.pt\/#website"},"datePublished":"2024-01-09T12:04:42+00:00","dateModified":"2024-01-09T12:06:16+00:00","description":"Morada: Rua de Cam\u00f5es 21, 4000-145 Porto, E-mail: sinticaba@sapo.pt, Telefone: 222081215","breadcrumb":{"@id":"https:\/\/sinticaba.pt\/index.php\/contactos\/#breadcrumb"},"inLanguage":"pt-PT","potentialAction":[{"@type":"ReadAction","target":["https:\/\/sinticaba.pt\/index.php\/contactos\/"]}]},{"@type":"BreadcrumbList","@id":"https:\/\/sinticaba.pt\/index.php\/contactos\/#breadcrumb","itemListElement":[{"@type":"ListItem","position":1,"name":"In\u00edcio","item":"https:\/\/sinticaba.pt\/"},{"@type":"ListItem","position":2,"name":"Contactos"}]},{"@type":"WebSite","@id":"https:\/\/sinticaba.pt\/#website","url":"https:\/\/sinticaba.pt\/","name":"","description":"Sindicato Nacional dos Trabalhadores da Ind\u00fastria e Com\u00e9rcio de Alimenta\u00e7\u00e3o, Bebidas e Afins","potentialAction":[{"@type":"SearchAction","target":{"@type":"EntryPoint","urlTemplate":"https:\/\/sinticaba.pt\/?s={search_term_string}"},"query-input":"required name=search_term_string"}],"inLanguage":"pt-PT"}]}},"_links":{"self":[{"href":"https:\/\/sinticaba.pt\/index.php\/wp-json\/wp\/v2\/pages\/16"}],"collection":[{"href":"https:\/\/sinticaba.pt\/index.php\/wp-json\/wp\/v2\/pages"}],"about":[{"href":"https:\/\/sinticaba.pt\/index.php\/wp-json\/wp\/v2\/types\/page"}],"author":[{"embeddable":true,"href":"https:\/\/sinticaba.pt\/index.php\/wp-json\/wp\/v2\/users\/1"}],"replies":[{"embeddable":true,"href":"https:\/\/sinticaba.pt\/index.php\/wp-json\/wp\/v2\/comments?post=16"}],"version-history":[{"count":2,"href":"https:\/\/sinticaba.pt\/index.php\/wp-json\/wp\/v2\/pages\/16\/revisions"}],"predecessor-version":[{"id":19,"href":"https:\/\/sinticaba.pt\/index.php\/wp-json\/wp\/v2\/pages\/16\/revisions\/19"}],"wp:attachment":[{"href":"https:\/\/sinticaba.pt\/index.php\/wp-json\/wp\/v2\/media?parent=16"}],"wp:term":[{"taxonomy":"post_tag","embeddable":true,"href":"https:\/\/sinticaba.pt\/index.php\/wp-json\/wp\/v2\/tags?post=16"}],"curies":[{"name":"wp","href":"https:\/\/api.w.org\/{rel}","templated":true}]}}